{"id":2500,"date":"2019-03-07T15:36:24","date_gmt":"2019-03-07T14:36:24","guid":{"rendered":"https:\/\/www.masseriachiccorizzo.it\/?page_id=2500\/"},"modified":"2019-11-25T17:55:06","modified_gmt":"2019-11-25T16:55:06","slug":"virtual-tour","status":"publish","type":"page","link":"https:\/\/www.masseriachiccorizzo.it\/en\/virtual-tour\/","title":{"rendered":"Virtual Tour"},"content":{"rendered":"<p>[vc_row css=&#8221;.vc_custom_1545147672714{background-color: #f2f2f2 !important;}&#8221;][vc_column]<div class=\"ult-spacer spacer-69e6162c34b4a\" data-id=\"69e6162c34b4a\" data-height=\"90\" data-height-mobile=\"32\" data-height-tab=\"90\" data-height-tab-portrait=\"90\" data-height-mobile-landscape=\"32\" style=\"clear:both;display:block;\"><\/div>[\/vc_column][vc_column offset=&#8221;vc_hidden-xs&#8221;][vc_raw_html]JTNDaWZyYW1lJTBBJTA5c3JjJTNEJTIyJTJGJTJGd2Fsa2ludG8uaW4lMkZ0b3VyJTJGYjF4WUpaRmk2N2IxZWV0a2JGajZRJTIyJTBBJTA5d2lkdGglM0QlMjIxMDAlMjUlMjIlMEElMDloZWlnaHQlM0QlMjI2MDAlMjIlMEElMDlhbGxvd2Z1bGxzY3JlZW4lM0QlMjJ0cnVlJTIyJTBBJTA5d2Via2l0YWxsb3dmdWxsc2NyZWVuJTNEJTIydHJ1ZSUyMiUwQSUwOW1vemFsbG93ZnVsbHNjcmVlbiUzRCUyMnRydWUlMjIlMEElMDlvYWxsb3dmdWxsc2NyZWVuJTNEJTIydHJ1ZSUyMiUwQSUwOW1zYWxsb3dmdWxsc2NyZWVuJTNEJTIydHJ1ZSUyMiUwQSUwOWZyYW1lYm9yZGVyJTNEJTIyMCUyMiUwQSUwOXNjcm9sbGluZyUzRCUyMm5vJTIyJTBBJTA5bWFyZ2luaGVpZ2h0JTNEJTIyMCUyMiUwQSUwOW1hcmdpbndpZHRoJTNEJTIyMCUyMiUzRSUwQSUzQyUyRmlmcmFtZSUzRSUwQQ==[\/vc_raw_html][\/vc_column][vc_column offset=&#8221;vc_hidden-lg vc_hidden-md vc_hidden-sm&#8221;][vc_raw_html]JTNDaWZyYW1lJTIwc3JjJTNEJTIyaHR0cHMlM0ElMkYlMkZ3d3cuZ29vZ2xlLmNvbSUyRm1hcHMlMkZlbWJlZCUzRnBiJTNEJTIxNHYxNTM1OTIzMDM5OTgxJTIxNm04JTIxMW03JTIxMXNDQW9TTEVGR01WRnBjRkJKU201aVkycHRTMVZmZUhORGJEYzJaVlZ5YVY4eGF6RlpTRGRKVVZwS1lub3pWRzF3JTIxMm0yJTIxMWQ0MC4yMjk5MjA5MTA1Mjc0NSUyMTJkMTguMjQ0NzYwMTg2NjM3MzQlMjEzZjE1Ny4wMzc1MTA5Mjc0MjQ4JTIxNGYtMC4zOTk4MjI0NjQyNTQ2NDA0JTIxNWYwLjc4MjA4NjU5NzQ2Mjc0NjklMjIlMjB3aWR0aCUzRCUyMjEwMCUyNSUyMiUyMGhlaWdodCUzRCUyMjM1MCUyMiUyMGZyYW1lYm9yZGVyJTNEJTIyMCUyMiUyMHN0eWxlJTNEJTIyYm9yZGVyJTNBMCUyMiUyMGFsbG93ZnVsbHNjcmVlbiUzRSUzQyUyRmlmcmFtZSUzRQ==[\/vc_raw_html][\/vc_column][\/vc_row]<\/p>\n","protected":false},"excerpt":{"rendered":"<p>[vc_row css=&#8221;.vc_custom_1545147672714{background-color: #f2f2f2 !important;}&#8221;][vc_column][\/vc_column][vc_column offset=&#8221;vc_hidden-xs&#8221;][vc_raw_html]JTNDaWZyYW1lJTBBJTA5c3JjJTNEJTIyJTJGJTJGd2Fsa2ludG8uaW4lMkZ0b3VyJTJGYjF4WUpaRmk2N2IxZWV0a2JGajZRJTIyJTBBJTA5d2lkdGglM0QlMjIxMDAlMjUlMjIlMEElMDloZWlnaHQlM0QlMjI2MDAlMjIlMEElMDlhbGxvd2Z1bGxzY3JlZW4lM0QlMjJ0cnVlJTIyJTBBJTA5d2Via2l0YWxsb3dmdWxsc2NyZWVuJTNEJTIydHJ1ZSUyMiUwQSUwOW1vemFsbG93ZnVsbHNjcmVlbiUzRCUyMnRydWUlMjIlMEElMDlvYWxsb3dmdWxsc2NyZWVuJTNEJTIydHJ1ZSUyMiUwQSUwOW1zYWxsb3dmdWxsc2NyZWVuJTNEJTIydHJ1ZSUyMiUwQSUwOWZyYW1lYm9yZGVyJTNEJTIyMCUyMiUwQSUwOXNjcm9sbGluZyUzRCUyMm5vJTIyJTBBJTA5bWFyZ2luaGVpZ2h0JTNEJTIyMCUyMiUwQSUwOW1hcmdpbndpZHRoJTNEJTIyMCUyMiUzRSUwQSUzQyUyRmlmcmFtZSUzRSUwQQ==[\/vc_raw_html][\/vc_column][vc_column offset=&#8221;vc_hidden-lg vc_hidden-md vc_hidden-sm&#8221;][vc_raw_html]JTNDaWZyYW1lJTIwc3JjJTNEJTIyaHR0cHMlM0ElMkYlMkZ3d3cuZ29vZ2xlLmNvbSUyRm1hcHMlMkZlbWJlZCUzRnBiJTNEJTIxNHYxNTM1OTIzMDM5OTgxJTIxNm04JTIxMW03JTIxMXNDQW9TTEVGR01WRnBjRkJKU201aVkycHRTMVZmZUhORGJEYzJaVlZ5YVY4eGF6RlpTRGRKVVZwS1lub3pWRzF3JTIxMm0yJTIxMWQ0MC4yMjk5MjA5MTA1Mjc0NSUyMTJkMTguMjQ0NzYwMTg2NjM3MzQlMjEzZjE1Ny4wMzc1MTA5Mjc0MjQ4JTIxNGYtMC4zOTk4MjI0NjQyNTQ2NDA0JTIxNWYwLjc4MjA4NjU5NzQ2Mjc0NjklMjIlMjB3aWR0aCUzRCUyMjEwMCUyNSUyMiUyMGhlaWdodCUzRCUyMjM1MCUyMiUyMGZyYW1lYm9yZGVyJTNEJTIyMCUyMiUyMHN0eWxlJTNEJTIyYm9yZGVyJTNBMCUyMiUyMGFsbG93ZnVsbHNjcmVlbiUzRSUzQyUyRmlmcmFtZSUzRQ==[\/vc_raw_html][\/vc_column][\/vc_row]<\/p>\n","protected":false},"author":3,"featured_media":0,"parent":0,"menu_order":0,"comment_status":"closed","ping_status":"closed","template":"","meta":{"footnotes":""},"class_list":["post-2500","page","type-page","status-publish","hentry"],"yoast_head":"<!-- This site is optimized with the Yoast SEO plugin v21.5 - https:\/\/yoast.com\/wordpress\/plugins\/seo\/ -->\n<title>Virtual Tour - Masseria Chicco Rizzo<\/title>\n<meta name=\"description\" content=\"La masseria a Lecce \u00e8 un luogo di incontro tra uomo e natura. Chicco Rizzo \u00e8 a pochi km da Otranto, nel cuore della Grec\u00eca Salentina.\" \/>\n<meta name=\"robots\" content=\"index, follow, max-snippet:-1, max-image-preview:large, max-video-preview:-1\" \/>\n<link rel=\"canonical\" href=\"https:\/\/www.masseriachiccorizzo.it\/en\/virtual-tour\/\" \/>\n<meta property=\"og:locale\" content=\"en_US\" \/>\n<meta property=\"og:type\" content=\"article\" \/>\n<meta property=\"og:title\" content=\"Virtual Tour - Masseria Chicco Rizzo\" \/>\n<meta property=\"og:description\" content=\"La masseria a Lecce \u00e8 un luogo di incontro tra uomo e natura. Chicco Rizzo \u00e8 a pochi km da Otranto, nel cuore della Grec\u00eca Salentina.\" \/>\n<meta property=\"og:url\" content=\"https:\/\/www.masseriachiccorizzo.it\/en\/virtual-tour\/\" \/>\n<meta property=\"og:site_name\" content=\"Masseria Chicco Rizzo\" \/>\n<meta property=\"article:publisher\" content=\"https:\/\/www.facebook.com\/masseriachiccorizzo?fref=ts\" \/>\n<meta property=\"article:modified_time\" content=\"2019-11-25T16:55:06+00:00\" \/>\n<meta name=\"twitter:card\" content=\"summary_large_image\" \/>\n<meta name=\"twitter:site\" content=\"@ChiccoRizzo\" \/>\n<meta name=\"twitter:label1\" content=\"Est. reading time\" \/>\n\t<meta name=\"twitter:data1\" content=\"1 minute\" \/>\n<script type=\"application\/ld+json\" class=\"yoast-schema-graph\">{\"@context\":\"https:\/\/schema.org\",\"@graph\":[{\"@type\":\"WebPage\",\"@id\":\"https:\/\/www.masseriachiccorizzo.it\/en\/virtual-tour\/\",\"url\":\"https:\/\/www.masseriachiccorizzo.it\/en\/virtual-tour\/\",\"name\":\"Virtual Tour - Masseria Chicco Rizzo\",\"isPartOf\":{\"@id\":\"https:\/\/www.masseriachiccorizzo.it\/#website\"},\"datePublished\":\"2019-03-07T14:36:24+00:00\",\"dateModified\":\"2019-11-25T16:55:06+00:00\",\"description\":\"La masseria a Lecce \u00e8 un luogo di incontro tra uomo e natura. Chicco Rizzo \u00e8 a pochi km da Otranto, nel cuore della Grec\u00eca Salentina.\",\"breadcrumb\":{\"@id\":\"https:\/\/www.masseriachiccorizzo.it\/en\/virtual-tour\/#breadcrumb\"},\"inLanguage\":\"en-US\",\"potentialAction\":[{\"@type\":\"ReadAction\",\"target\":[\"https:\/\/www.masseriachiccorizzo.it\/en\/virtual-tour\/\"]}]},{\"@type\":\"BreadcrumbList\",\"@id\":\"https:\/\/www.masseriachiccorizzo.it\/en\/virtual-tour\/#breadcrumb\",\"itemListElement\":[{\"@type\":\"ListItem\",\"position\":1,\"name\":\"Home\",\"item\":\"https:\/\/www.masseriachiccorizzo.it\/en\/\"},{\"@type\":\"ListItem\",\"position\":2,\"name\":\"Virtual Tour\"}]},{\"@type\":\"WebSite\",\"@id\":\"https:\/\/www.masseriachiccorizzo.it\/#website\",\"url\":\"https:\/\/www.masseriachiccorizzo.it\/\",\"name\":\"Masseria Chicco Rizzo\",\"description\":\"La tua Masseria del Salento\",\"potentialAction\":[{\"@type\":\"SearchAction\",\"target\":{\"@type\":\"EntryPoint\",\"urlTemplate\":\"https:\/\/www.masseriachiccorizzo.it\/?s={search_term_string}\"},\"query-input\":\"required name=search_term_string\"}],\"inLanguage\":\"en-US\"}]}<\/script>\n<!-- \/ Yoast SEO plugin. -->","yoast_head_json":{"title":"Virtual Tour - Masseria Chicco Rizzo","description":"La masseria a Lecce \u00e8 un luogo di incontro tra uomo e natura. Chicco Rizzo \u00e8 a pochi km da Otranto, nel cuore della Grec\u00eca Salentina.","robots":{"index":"index","follow":"follow","max-snippet":"max-snippet:-1","max-image-preview":"max-image-preview:large","max-video-preview":"max-video-preview:-1"},"canonical":"https:\/\/www.masseriachiccorizzo.it\/en\/virtual-tour\/","og_locale":"en_US","og_type":"article","og_title":"Virtual Tour - Masseria Chicco Rizzo","og_description":"La masseria a Lecce \u00e8 un luogo di incontro tra uomo e natura. Chicco Rizzo \u00e8 a pochi km da Otranto, nel cuore della Grec\u00eca Salentina.","og_url":"https:\/\/www.masseriachiccorizzo.it\/en\/virtual-tour\/","og_site_name":"Masseria Chicco Rizzo","article_publisher":"https:\/\/www.facebook.com\/masseriachiccorizzo?fref=ts","article_modified_time":"2019-11-25T16:55:06+00:00","twitter_card":"summary_large_image","twitter_site":"@ChiccoRizzo","twitter_misc":{"Est. reading time":"1 minute"},"schema":{"@context":"https:\/\/schema.org","@graph":[{"@type":"WebPage","@id":"https:\/\/www.masseriachiccorizzo.it\/en\/virtual-tour\/","url":"https:\/\/www.masseriachiccorizzo.it\/en\/virtual-tour\/","name":"Virtual Tour - Masseria Chicco Rizzo","isPartOf":{"@id":"https:\/\/www.masseriachiccorizzo.it\/#website"},"datePublished":"2019-03-07T14:36:24+00:00","dateModified":"2019-11-25T16:55:06+00:00","description":"La masseria a Lecce \u00e8 un luogo di incontro tra uomo e natura. Chicco Rizzo \u00e8 a pochi km da Otranto, nel cuore della Grec\u00eca Salentina.","breadcrumb":{"@id":"https:\/\/www.masseriachiccorizzo.it\/en\/virtual-tour\/#breadcrumb"},"inLanguage":"en-US","potentialAction":[{"@type":"ReadAction","target":["https:\/\/www.masseriachiccorizzo.it\/en\/virtual-tour\/"]}]},{"@type":"BreadcrumbList","@id":"https:\/\/www.masseriachiccorizzo.it\/en\/virtual-tour\/#breadcrumb","itemListElement":[{"@type":"ListItem","position":1,"name":"Home","item":"https:\/\/www.masseriachiccorizzo.it\/en\/"},{"@type":"ListItem","position":2,"name":"Virtual Tour"}]},{"@type":"WebSite","@id":"https:\/\/www.masseriachiccorizzo.it\/#website","url":"https:\/\/www.masseriachiccorizzo.it\/","name":"Masseria Chicco Rizzo","description":"La tua Masseria del Salento","potentialAction":[{"@type":"SearchAction","target":{"@type":"EntryPoint","urlTemplate":"https:\/\/www.masseriachiccorizzo.it\/?s={search_term_string}"},"query-input":"required name=search_term_string"}],"inLanguage":"en-US"}]}},"_links":{"self":[{"href":"https:\/\/www.masseriachiccorizzo.it\/en\/wp-json\/wp\/v2\/pages\/2500","targetHints":{"allow":["GET"]}}],"collection":[{"href":"https:\/\/www.masseriachiccorizzo.it\/en\/wp-json\/wp\/v2\/pages"}],"about":[{"href":"https:\/\/www.masseriachiccorizzo.it\/en\/wp-json\/wp\/v2\/types\/page"}],"author":[{"embeddable":true,"href":"https:\/\/www.masseriachiccorizzo.it\/en\/wp-json\/wp\/v2\/users\/3"}],"replies":[{"embeddable":true,"href":"https:\/\/www.masseriachiccorizzo.it\/en\/wp-json\/wp\/v2\/comments?post=2500"}],"version-history":[{"count":2,"href":"https:\/\/www.masseriachiccorizzo.it\/en\/wp-json\/wp\/v2\/pages\/2500\/revisions"}],"predecessor-version":[{"id":2783,"href":"https:\/\/www.masseriachiccorizzo.it\/en\/wp-json\/wp\/v2\/pages\/2500\/revisions\/2783"}],"wp:attachment":[{"href":"https:\/\/www.masseriachiccorizzo.it\/en\/wp-json\/wp\/v2\/media?parent=2500"}],"curies":[{"name":"wp","href":"https:\/\/api.w.org\/{rel}","templated":true}]}}